{"id":287,"date":"2019-10-14T16:03:41","date_gmt":"2019-10-14T14:03:41","guid":{"rendered":"https:\/\/mayerczyk.fr\/?page_id=287"},"modified":"2019-12-11T22:47:08","modified_gmt":"2019-12-11T21:47:08","slug":"recruter-et-evaluer","status":"publish","type":"page","link":"https:\/\/mayerczyk.fr\/index.php\/recruter-et-evaluer\/","title":{"rendered":"Recrutement et \u00e9valuation de potentiels"},"content":{"rendered":"\n<p style=\"background-color:#ce1b28\" class=\"has-text-color has-background has-medium-font-size has-very-light-gray-color\">Le recrutement<\/p>\n\n\n\n<div class=\"wp-block-media-text alignwide has-media-on-the-right is-vertically-aligned-center\" style=\"grid-template-columns:auto 24%\"><figure class=\"wp-block-media-text__media\"><img src=\"https:\/\/mayerczyk.fr\/wp-content\/uploads\/2019\/11\/veolia-1.png\" alt=\"\" class=\"wp-image-1199\"\/><\/figure><div class=\"wp-block-media-text__content\">\n<p class=\"has-text-color has-text-align-center has-normal-font-size has-vivid-red-color\"><strong>Un recrutement \u00e9thique <\/strong><\/p>\n\n\n\n<p class=\"has-text-color has-normal-font-size has-very-dark-gray-color\">Form\u00e9e au recrutement non discriminant <\/p>\n<\/div><\/div>\n\n\n\n<div class=\"wp-block-media-text alignwide\"><figure class=\"wp-block-media-text__media\"><img loading=\"lazy\" width=\"1024\" height=\"683\" src=\"https:\/\/mayerczyk.fr\/wp-content\/uploads\/2019\/10\/pexels-photo-1181715-1024x683.jpeg\" alt=\"\" class=\"wp-image-537\" srcset=\"https:\/\/mayerczyk.fr\/wp-content\/uploads\/2019\/10\/pexels-photo-1181715-1024x683.jpeg 1024w, https:\/\/mayerczyk.fr\/wp-content\/uploads\/2019\/10\/pexels-photo-1181715-300x200.jpeg 300w, https:\/\/mayerczyk.fr\/wp-content\/uploads\/2019\/10\/pexels-photo-1181715-768x512.jpeg 768w\" sizes=\"(max-width: 1024px) 100vw, 1024px\" \/><\/figure><div class=\"wp-block-media-text__content\">\n<p class=\"has-normal-font-size\">S\u00e9lectionner un candidat, c\u2019est avant tout d\u00e9finir un profil pertinent qui int\u00e8gre la sp\u00e9cificit\u00e9 de l\u2019\u00eatre humain, sa complexit\u00e9, sa dynamique de fonctionnement et ses aspirations.  <\/p>\n<\/div><\/div>\n\n\n\n<p>C\u2019est toute l\u2019expertise de mon m\u00e9tier : identifier et valider les comp\u00e9tences, pr\u00e9voir les comportements \u00e0 venir, conna\u00eetre les  conditions de r\u00e9ussite de chaque personne et conseiller sur leur mise en place<\/p>\n\n\n\n<p class=\"has-text-align-center has-medium-font-size\"><strong>2 formules possibles : recrutement complet<\/strong> <strong>ou \u00e0 la carte<\/strong><\/p>\n\n\n\n<div class=\"wp-block-columns\">\n<div class=\"wp-block-column\" style=\"flex-basis:66.66%\">\n<h4 class=\"has-vivid-red-color has-text-color has-text-align-center\">Recrutement complet<\/h4>\n\n\n\n<h5 class=\"has-vivid-red-color has-text-color\">Phase 1<\/h5>\n\n\n\n<ul><li>Pr\u00e9s\u00e9lection des candidats \u00e0 proposer \u00e0 l\u2019entreprise<\/li><li>Passation de tests  <\/li><li>R\u00e9alisation des entretiens de s\u00e9lection<\/li><li>R\u00e9daction d\u2019une note de candidature<\/li><li>Mise en relation des candidats s\u00e9lectionn\u00e9s avec le d\u00e9cideur <\/li><\/ul>\n\n\n\n<p><\/p>\n\n\n\n<h5 class=\"has-vivid-red-color has-text-color\">Phase 2<\/h5>\n\n\n\n<ul><li>D\u00e9finition du poste et du profil recherch\u00e9<\/li><li>\u00c9laboration du profil du poste \u00e0 pourvoir<\/li><li>Inventaire des comp\u00e9tences requises<\/li><li>Lancement de la campagne de recrutement<\/li><li>D\u00e9finition du budget pour les supports de communication (presse en ligne, sites internet\u2026)<\/li><li>Identification et utilisation des diverses sources de recrutement \u00e0 exploiter<\/li><li>Communication sur le recrutement pour le compte de l\u2019entreprise.<\/li><\/ul>\n<\/div>\n\n\n\n<div class=\"wp-block-column\" style=\"flex-basis:33.33%\">\n<h4 class=\"has-vivid-red-color has-text-color has-text-align-center\">Recrutement \u00e0 la carte<\/h4>\n\n\n\n<p class=\"has-text-align-center\"><strong>Recrutement \u00e0 la carte<\/strong><\/p>\n\n\n\n<p>  <\/p>\n\n\n\n<p class=\"has-text-align-center\"><strong>A co-construire ensemble en fonction de vos besoins<\/strong><\/p>\n<\/div>\n<\/div>\n\n\n\n<p style=\"background-color:#ce1b28\" class=\"has-text-color has-background has-medium-font-size has-very-light-gray-color\">L&#8217;\u00e9valuation de potentiel <\/p>\n\n\n\n<p>D\u00e9finir le potentiel de quelqu\u2019un, c&#8217;est avoir la capacit\u00e9 d&#8217;envisager cette personne dans une autre mission et un autre contexte.  <\/p>\n\n\n\n<div class=\"wp-block-media-text alignwide\"><figure class=\"wp-block-media-text__media\"><img loading=\"lazy\" width=\"722\" height=\"483\" src=\"https:\/\/mayerczyk.fr\/wp-content\/uploads\/2019\/12\/iStock-1035037224.jpg\" alt=\"\" class=\"wp-image-1397\" srcset=\"https:\/\/mayerczyk.fr\/wp-content\/uploads\/2019\/12\/iStock-1035037224.jpg 722w, https:\/\/mayerczyk.fr\/wp-content\/uploads\/2019\/12\/iStock-1035037224-300x201.jpg 300w\" sizes=\"(max-width: 722px) 100vw, 722px\" \/><\/figure><div class=\"wp-block-media-text__content\">\n<p>Cela se r\u00e9v\u00e8le difficile pour son responsable quand cette personne est vue au quotidien dans un cadre d\u00e9fini.<\/p>\n\n\n\n<p>Pour le salari\u00e9, cela peut \u00eatre compliqu\u00e9 de se projeter et de s&#8217;exprimer en toute confiance<\/p>\n<\/div><\/div>\n\n\n\n<p> Un regard neuf, neutre, professionnel de la gestion des comp\u00e9tences et des m\u00e9tiers se r\u00e9v\u00e8le \u00eatre une aide indispensable pour aboutir \u00e0 un r\u00e9sultat positif.<\/p>\n\n\n\n<h4 class=\"has-vivid-red-color has-text-color has-text-align-center\"> La d\u00e9marche d\u2019\u00e9valuation, expliqu\u00e9e et accept\u00e9e, apporte \u00e0 l\u2019entreprise et \u00e0 son salari\u00e9 des \u00e9l\u00e9ments pour co-construire un avenir cr\u00e9dible. <\/h4>\n\n\n\n<p>Elle est structur\u00e9e, exhaustive, courte : une journ\u00e9e de prestation dont une demi-journ\u00e9e d\u2019entretien avec le salari\u00e9.<\/p>\n\n\n\n<h4 class=\"has-vivid-red-color has-text-color\">Th\u00e8mes<\/h4>\n\n\n\n<p class=\"has-text-color has-very-dark-gray-color\">\u2022    Analyse de l\u2019historique professionnel<br> \u2022    Validation des comp\u00e9tences<br> \u2022    D\u00e9finition du profil psychologique<br> \u2022    \u00c9laboration d\u2019un projet professionnel<\/p>\n\n\n\n<h4 class=\"has-vivid-red-color has-text-color\">Supports<\/h4>\n\n\n\n<p> \u2022    Les compte-rendus des entretiens individuels du salari\u00e9<br> \u2022    L&#8217;historique professionnel (postes tenus, dur\u00e9es) <br> \u2022    Des tests psychologiques en fonction du profil<\/p>\n\n\n\n<h4 class=\"has-vivid-red-color has-text-color\">Finalisation<\/h4>\n\n\n\n<p>R\u00e9daction d\u2019un compte rendu de l\u2019ensemble de ces \u00e9l\u00e9ments<\/p>\n","protected":false},"excerpt":{"rendered":"<p>Le recrutement Un recrutement \u00e9thique Form\u00e9e au recrutement non discriminant S\u00e9lectionner un candidat, c\u2019est avant tout d\u00e9finir un profil pertinent qui int\u00e8gre la sp\u00e9cificit\u00e9 de l\u2019\u00eatre humain, sa complexit\u00e9, sa dynamique de fonctionnement et ses aspirations. C\u2019est toute l\u2019expertise de mon m\u00e9tier : identifier et valider les comp\u00e9tences, pr\u00e9voir les comportements \u00e0 venir, conna\u00eetre les<\/p><\/div>\n<div class=\"blog-btn\"><a href=\"https:\/\/mayerczyk.fr\/index.php\/recruter-et-evaluer\/\" class=\"home-blog-btn\">Lire la suite<\/a><\/p>\n","protected":false},"author":3,"featured_media":0,"parent":0,"menu_order":0,"comment_status":"closed","ping_status":"closed","template":"","meta":[],"_links":{"self":[{"href":"https:\/\/mayerczyk.fr\/index.php\/wp-json\/wp\/v2\/pages\/287"}],"collection":[{"href":"https:\/\/mayerczyk.fr\/index.php\/wp-json\/wp\/v2\/pages"}],"about":[{"href":"https:\/\/mayerczyk.fr\/index.php\/wp-json\/wp\/v2\/types\/page"}],"author":[{"embeddable":true,"href":"https:\/\/mayerczyk.fr\/index.php\/wp-json\/wp\/v2\/users\/3"}],"replies":[{"embeddable":true,"href":"https:\/\/mayerczyk.fr\/index.php\/wp-json\/wp\/v2\/comments?post=287"}],"version-history":[{"count":67,"href":"https:\/\/mayerczyk.fr\/index.php\/wp-json\/wp\/v2\/pages\/287\/revisions"}],"predecessor-version":[{"id":1430,"href":"https:\/\/mayerczyk.fr\/index.php\/wp-json\/wp\/v2\/pages\/287\/revisions\/1430"}],"wp:attachment":[{"href":"https:\/\/mayerczyk.fr\/index.php\/wp-json\/wp\/v2\/media?parent=287"}],"curies":[{"name":"wp","href":"https:\/\/api.w.org\/{rel}","templated":true}]}}