{"id":346,"date":"2019-10-14T19:52:41","date_gmt":"2019-10-14T17:52:41","guid":{"rendered":"https:\/\/mayerczyk.fr\/?page_id=346"},"modified":"2019-11-15T17:30:26","modified_gmt":"2019-11-15T16:30:26","slug":"actualites","status":"publish","type":"page","link":"https:\/\/mayerczyk.fr\/index.php\/actualites\/","title":{"rendered":"Actualit\u00e9 RH"},"content":{"rendered":"\n<div class=\"wp-block-cover has-background-dim has-parallax\" style=\"background-image:url(https:\/\/mayerczyk.fr\/wp-content\/uploads\/2019\/10\/acturh.jpg);min-height:167px\"><div class=\"wp-block-cover__inner-container\">\n<p class=\"has-text-color has-text-align-center has-large-font-size has-very-light-gray-color\">Actualit\u00e9 RH<\/p>\n<\/div><\/div>\n\n\n<div class=\"wp-rss-template-container\" data-wpra-template=\"default\" data-template-ctx=\"eyJsaW1pdCI6IjI1IiwiaXNBbGwiOiIxIiwidGVtcGxhdGUiOiJkZWZhdWx0IiwicGFnaW5hdGlvbiI6IjEifQ==\">\n    <div class=\"wp-rss-aggregator wpra-list-template  \" data-page=\"1\">\n    \n    \n<ul class=\"wpra-item-list rss-aggregator wpra-item-list--bullets wpra-item-list--default\"\n    start=\"1\">\n                        <li class=\"wpra-item feed-item \">\n            \n            \n\n    <a  href=\"https:\/\/www.actuel-rh.fr\/content\/enfants-gravement-malades-la-commission-des-affaires-sociales-de-lassemblee-nationale-adopte\" target=\"_blank\" rel=\"nofollow\" class=\"\">Enfants gravement malades : la commission des affaires sociales de l\u2019Assembl\u00e9e nationale adopte la proposition de loi en deuxi\u00e8me lecture<\/a>\n\n\n\n\n<div class=\"wprss-feed-meta\">\n            <span class=\"feed-source\">\n            Source :\n\n                            <a  href=\"https:\/\/www.actuel-rh.fr\/rss-all\" target=\"_blank\" rel=\"nofollow\" class=\"\">actuel-rh all<\/a>\n                    <\/span>\n    \n            <span class=\"feed-date\">\n            Publi\u00e9 le 06-05-2026\n        <\/span>\n    \n            <span class=\"feed-author\">\n            Par : abariet\n        <\/span>\n    <\/div>\n\n            \n        <\/li>\n                    <li class=\"wpra-item feed-item \">\n            \n            \n\n    <a  href=\"https:\/\/www.actuel-rh.fr\/content\/marine-tondelier-ecologistes-propose-un-conge-climatique-1\" target=\"_blank\" rel=\"nofollow\" class=\"\">Marine Tondelier (Ecologistes) propose un cong\u00e9 climatique<\/a>\n\n\n\n\n<div class=\"wprss-feed-meta\">\n            <span class=\"feed-source\">\n            Source :\n\n                            <a  href=\"https:\/\/www.actuel-rh.fr\/rss-all\" target=\"_blank\" rel=\"nofollow\" class=\"\">actuel-rh all<\/a>\n                    <\/span>\n    \n            <span class=\"feed-date\">\n            Publi\u00e9 le 06-05-2026\n        <\/span>\n    \n            <span class=\"feed-author\">\n            Par : Bernard\n        <\/span>\n    <\/div>\n\n            \n        <\/li>\n                    <li class=\"wpra-item feed-item \">\n            \n            \n\n    <a  href=\"https:\/\/www.actuel-rh.fr\/content\/recrutements-la-reprise-marque-le-pas-dans-les-entreprises\" target=\"_blank\" rel=\"nofollow\" class=\"\">Recrutements : la reprise marque le pas dans les entreprises<\/a>\n\n\n\n\n<div class=\"wprss-feed-meta\">\n            <span class=\"feed-source\">\n            Source :\n\n                            <a  href=\"https:\/\/www.actuel-rh.fr\/rss-all\" target=\"_blank\" rel=\"nofollow\" class=\"\">actuel-rh all<\/a>\n                    <\/span>\n    \n            <span class=\"feed-date\">\n            Publi\u00e9 le 06-05-2026\n        <\/span>\n    \n            <span class=\"feed-author\">\n            Par : abariet\n        <\/span>\n    <\/div>\n\n            \n        <\/li>\n                    <li class=\"wpra-item feed-item \">\n            \n            \n\n    <a  href=\"https:\/\/www.actuel-rh.fr\/content\/les-candidats-savent-exactement-quoi-sattendre-chez-polarsteps-le-recrutement-devient\" target=\"_blank\" rel=\"nofollow\" class=\"\">&#8220;Les candidats savent exactement \u00e0 quoi s\u2019attendre&#8221; : chez Polarsteps, le recrutement devient immersif<\/a>\n\n\n\n\n<div class=\"wprss-feed-meta\">\n            <span class=\"feed-source\">\n            Source :\n\n                            <a  href=\"https:\/\/www.actuel-rh.fr\/rss-all\" target=\"_blank\" rel=\"nofollow\" class=\"\">actuel-rh all<\/a>\n                    <\/span>\n    \n            <span class=\"feed-date\">\n            Publi\u00e9 le 06-05-2026\n        <\/span>\n    \n            <span class=\"feed-author\">\n            Par : abariet\n        <\/span>\n    <\/div>\n\n            \n        <\/li>\n                    <li class=\"wpra-item feed-item \">\n            \n            \n\n    <a  href=\"https:\/\/www.actuel-rh.fr\/content\/lutte-contre-les-fraudes-lassemblee-approuve-le-projet-de-loi-avant-un-ultime-vote-au-senat\" target=\"_blank\" rel=\"nofollow\" class=\"\">Lutte contre les fraudes : l&#039;Assembl\u00e9e approuve le projet de loi, avant un ultime vote au S\u00e9nat<\/a>\n\n\n\n\n<div class=\"wprss-feed-meta\">\n            <span class=\"feed-source\">\n            Source :\n\n                            <a  href=\"https:\/\/www.actuel-rh.fr\/rss-all\" target=\"_blank\" rel=\"nofollow\" class=\"\">actuel-rh all<\/a>\n                    <\/span>\n    \n            <span class=\"feed-date\">\n            Publi\u00e9 le 06-05-2026\n        <\/span>\n    \n            <span class=\"feed-author\">\n            Par : abariet\n        <\/span>\n    <\/div>\n\n            \n        <\/li>\n                    <li class=\"wpra-item feed-item \">\n            \n            \n\n    <a  href=\"https:\/\/www.actuel-rh.fr\/content\/licenciement-pour-faute-grave-un-controle-dalcoolemie-irregulier-invalide-la-sanction\" target=\"_blank\" rel=\"nofollow\" class=\"\">Licenciement pour faute grave : un contr\u00f4le d\u2019alcool\u00e9mie irr\u00e9gulier invalide la sanction<\/a>\n\n\n\n\n<div class=\"wprss-feed-meta\">\n            <span class=\"feed-source\">\n            Source :\n\n                            <a  href=\"https:\/\/www.actuel-rh.fr\/rss-all\" target=\"_blank\" rel=\"nofollow\" class=\"\">actuel-rh all<\/a>\n                    <\/span>\n    \n            <span class=\"feed-date\">\n            Publi\u00e9 le 05-05-2026\n        <\/span>\n    \n            <span class=\"feed-author\">\n            Par : abariet\n        <\/span>\n    <\/div>\n\n            \n        <\/li>\n                    <li class=\"wpra-item feed-item \">\n            \n            \n\n    <a  href=\"https:\/\/www.actuel-rh.fr\/content\/absenteisme-une-facture-qui-salourdit-pour-les-entreprises-en-2025\" target=\"_blank\" rel=\"nofollow\" class=\"\">Absent\u00e9isme : une facture qui s\u2019alourdit pour les entreprises en 2025<\/a>\n\n\n\n\n<div class=\"wprss-feed-meta\">\n            <span class=\"feed-source\">\n            Source :\n\n                            <a  href=\"https:\/\/www.actuel-rh.fr\/rss-all\" target=\"_blank\" rel=\"nofollow\" class=\"\">actuel-rh all<\/a>\n                    <\/span>\n    \n            <span class=\"feed-date\">\n            Publi\u00e9 le 05-05-2026\n        <\/span>\n    \n            <span class=\"feed-author\">\n            Par : abariet\n        <\/span>\n    <\/div>\n\n            \n        <\/li>\n                    <li class=\"wpra-item feed-item \">\n            \n            \n\n    <a  href=\"https:\/\/www.actuel-rh.fr\/content\/salaires-des-hausses-en-ralentissement-pour-2026\" target=\"_blank\" rel=\"nofollow\" class=\"\">Salaires : des hausses en ralentissement pour 2026<\/a>\n\n\n\n\n<div class=\"wprss-feed-meta\">\n            <span class=\"feed-source\">\n            Source :\n\n                            <a  href=\"https:\/\/www.actuel-rh.fr\/rss-all\" target=\"_blank\" rel=\"nofollow\" class=\"\">actuel-rh all<\/a>\n                    <\/span>\n    \n            <span class=\"feed-date\">\n            Publi\u00e9 le 05-05-2026\n        <\/span>\n    \n            <span class=\"feed-author\">\n            Par : abariet\n        <\/span>\n    <\/div>\n\n            \n        <\/li>\n                    <li class=\"wpra-item feed-item \">\n            \n            \n\n    <a  href=\"https:\/\/www.actuel-rh.fr\/content\/elections-professionnelles-la-cnil-actualise-ses-recommandations-en-matiere-de-vote-0\" target=\"_blank\" rel=\"nofollow\" class=\"\">\u00c9lections professionnelles : la Cnil actualise ses recommandations en mati\u00e8re de vote \u00e9lectronique<\/a>\n\n\n\n\n<div class=\"wprss-feed-meta\">\n            <span class=\"feed-source\">\n            Source :\n\n                            <a  href=\"https:\/\/www.actuel-rh.fr\/rss-all\" target=\"_blank\" rel=\"nofollow\" class=\"\">actuel-rh all<\/a>\n                    <\/span>\n    \n            <span class=\"feed-date\">\n            Publi\u00e9 le 05-05-2026\n        <\/span>\n    \n            <span class=\"feed-author\">\n            Par : Bernard\n        <\/span>\n    <\/div>\n\n            \n        <\/li>\n                    <li class=\"wpra-item feed-item \">\n            \n            \n\n    <a  href=\"https:\/\/www.actuel-rh.fr\/content\/retraite-supplementaire-prestations-definies-lentree-en-vigueur-de-la-nouvelle-rubrique-du\" target=\"_blank\" rel=\"nofollow\" class=\"\">Retraite suppl\u00e9mentaire \u00e0 prestations d\u00e9finies : l&#039;entr\u00e9e en vigueur de la nouvelle rubrique du Boss est report\u00e9e<\/a>\n\n\n\n\n<div class=\"wprss-feed-meta\">\n            <span class=\"feed-source\">\n            Source :\n\n                            <a  href=\"https:\/\/www.actuel-rh.fr\/rss-all\" target=\"_blank\" rel=\"nofollow\" class=\"\">actuel-rh all<\/a>\n                    <\/span>\n    \n            <span class=\"feed-date\">\n            Publi\u00e9 le 05-05-2026\n        <\/span>\n    \n            <span class=\"feed-author\">\n            Par : abariet\n        <\/span>\n    <\/div>\n\n            \n        <\/li>\n                    <li class=\"wpra-item feed-item \">\n            \n            \n\n    <a  href=\"https:\/\/www.actuel-rh.fr\/content\/btp-une-campagne-nationale-pour-prevenir-les-accidents-du-travail\" target=\"_blank\" rel=\"nofollow\" class=\"\">BTP : une campagne nationale pour pr\u00e9venir les accidents du travail<\/a>\n\n\n\n\n<div class=\"wprss-feed-meta\">\n            <span class=\"feed-source\">\n            Source :\n\n                            <a  href=\"https:\/\/www.actuel-rh.fr\/rss-all\" target=\"_blank\" rel=\"nofollow\" class=\"\">actuel-rh all<\/a>\n                    <\/span>\n    \n            <span class=\"feed-date\">\n            Publi\u00e9 le 04-05-2026\n        <\/span>\n    \n            <span class=\"feed-author\">\n            Par : abariet\n        <\/span>\n    <\/div>\n\n            \n        <\/li>\n                    <li class=\"wpra-item feed-item \">\n            \n            \n\n    <a  href=\"https:\/\/www.actuel-rh.fr\/content\/defaillances-dentreprises-plus-de-75-000-emplois-menaces-debut-2026\" target=\"_blank\" rel=\"nofollow\" class=\"\">D\u00e9faillances d\u2019entreprises : plus de 75 000 emplois menac\u00e9s d\u00e9but 2026<\/a>\n\n\n\n\n<div class=\"wprss-feed-meta\">\n            <span class=\"feed-source\">\n            Source :\n\n                            <a  href=\"https:\/\/www.actuel-rh.fr\/rss-all\" target=\"_blank\" rel=\"nofollow\" class=\"\">actuel-rh all<\/a>\n                    <\/span>\n    \n            <span class=\"feed-date\">\n            Publi\u00e9 le 04-05-2026\n        <\/span>\n    \n            <span class=\"feed-author\">\n            Par : abariet\n        <\/span>\n    <\/div>\n\n            \n        <\/li>\n                    <li class=\"wpra-item feed-item \">\n            \n            \n\n    <a  href=\"https:\/\/www.actuel-rh.fr\/content\/salaries-aidants-les-entreprises-nont-plus-le-choix-elles-doivent-se-saisir-du-sujet\" target=\"_blank\" rel=\"nofollow\" class=\"\">Salari\u00e9s aidants : &#8220;Les entreprises n\u2019ont plus le choix, elles doivent se saisir du sujet&#8221;<\/a>\n\n\n\n\n<div class=\"wprss-feed-meta\">\n            <span class=\"feed-source\">\n            Source :\n\n                            <a  href=\"https:\/\/www.actuel-rh.fr\/rss-all\" target=\"_blank\" rel=\"nofollow\" class=\"\">actuel-rh all<\/a>\n                    <\/span>\n    \n            <span class=\"feed-date\">\n            Publi\u00e9 le 04-05-2026\n        <\/span>\n    \n            <span class=\"feed-author\">\n            Par : abariet\n        <\/span>\n    <\/div>\n\n            \n        <\/li>\n                    <li class=\"wpra-item feed-item \">\n            \n            \n\n    <a  href=\"https:\/\/www.actuel-rh.fr\/content\/force-de-parler-budget-oublie-la-vision-politique-de-la-competence\" target=\"_blank\" rel=\"nofollow\" class=\"\">&#8220;\u00c0 force de parler budget, on a oubli\u00e9 la vision politique de la comp\u00e9tence&#8221;<\/a>\n\n\n\n\n<div class=\"wprss-feed-meta\">\n            <span class=\"feed-source\">\n            Source :\n\n                            <a  href=\"https:\/\/www.actuel-rh.fr\/rss-all\" target=\"_blank\" rel=\"nofollow\" class=\"\">actuel-rh all<\/a>\n                    <\/span>\n    \n            <span class=\"feed-date\">\n            Publi\u00e9 le 04-05-2026\n        <\/span>\n    \n            <span class=\"feed-author\">\n            Par : abariet\n        <\/span>\n    <\/div>\n\n            \n        <\/li>\n                    <li class=\"wpra-item feed-item \">\n            \n            \n\n    <a  href=\"https:\/\/www.actuel-rh.fr\/content\/retards-de-paiement-en-esat-le-secteur-du-handicap-alerte-sur-une-situation-critique\" target=\"_blank\" rel=\"nofollow\" class=\"\">Retards de paiement en Esat : le secteur du handicap alerte sur une situation critique<\/a>\n\n\n\n\n<div class=\"wprss-feed-meta\">\n            <span class=\"feed-source\">\n            Source :\n\n                            <a  href=\"https:\/\/www.actuel-rh.fr\/rss-all\" target=\"_blank\" rel=\"nofollow\" class=\"\">actuel-rh all<\/a>\n                    <\/span>\n    \n            <span class=\"feed-date\">\n            Publi\u00e9 le 04-05-2026\n        <\/span>\n    \n            <span class=\"feed-author\">\n            Par : abariet\n        <\/span>\n    <\/div>\n\n            \n        <\/li>\n                    <li class=\"wpra-item feed-item \">\n            \n            \n\n    <a  href=\"https:\/\/www.actuel-rh.fr\/content\/indemnite-carburant-pour-grands-rouleurs-le-dispositif-ouvert-partir-du-27-mai\" target=\"_blank\" rel=\"nofollow\" class=\"\">Indemnit\u00e9 carburant pour grands rouleurs : le dispositif ouvert \u00e0 partir du 27 mai<\/a>\n\n\n\n\n<div class=\"wprss-feed-meta\">\n            <span class=\"feed-source\">\n            Source :\n\n                            <a  href=\"https:\/\/www.actuel-rh.fr\/rss-all\" target=\"_blank\" rel=\"nofollow\" class=\"\">actuel-rh all<\/a>\n                    <\/span>\n    \n            <span class=\"feed-date\">\n            Publi\u00e9 le 04-05-2026\n        <\/span>\n    \n            <span class=\"feed-author\">\n            Par : abariet\n        <\/span>\n    <\/div>\n\n            \n        <\/li>\n                    <li class=\"wpra-item feed-item \">\n            \n            \n\n    <a  href=\"https:\/\/www.actuel-rh.fr\/content\/travailleurs-etrangers-precisions-reglementaires-sur-la-carte-bleue-europeenne\" target=\"_blank\" rel=\"nofollow\" class=\"\">Travailleurs \u00e9trangers : pr\u00e9cisions r\u00e9glementaires sur la carte bleue europ\u00e9enne<\/a>\n\n\n\n\n<div class=\"wprss-feed-meta\">\n            <span class=\"feed-source\">\n            Source :\n\n                            <a  href=\"https:\/\/www.actuel-rh.fr\/rss-all\" target=\"_blank\" rel=\"nofollow\" class=\"\">actuel-rh all<\/a>\n                    <\/span>\n    \n            <span class=\"feed-date\">\n            Publi\u00e9 le 04-05-2026\n        <\/span>\n    \n            <span class=\"feed-author\">\n            Par : abariet\n        <\/span>\n    <\/div>\n\n            \n        <\/li>\n        <\/ul>\n\n        \n<\/div>\n\n<\/div>\n","protected":false},"excerpt":{"rendered":"","protected":false},"author":3,"featured_media":0,"parent":0,"menu_order":0,"comment_status":"closed","ping_status":"closed","template":"","meta":[],"_links":{"self":[{"href":"https:\/\/mayerczyk.fr\/index.php\/wp-json\/wp\/v2\/pages\/346"}],"collection":[{"href":"https:\/\/mayerczyk.fr\/index.php\/wp-json\/wp\/v2\/pages"}],"about":[{"href":"https:\/\/mayerczyk.fr\/index.php\/wp-json\/wp\/v2\/types\/page"}],"author":[{"embeddable":true,"href":"https:\/\/mayerczyk.fr\/index.php\/wp-json\/wp\/v2\/users\/3"}],"replies":[{"embeddable":true,"href":"https:\/\/mayerczyk.fr\/index.php\/wp-json\/wp\/v2\/comments?post=346"}],"version-history":[{"count":25,"href":"https:\/\/mayerczyk.fr\/index.php\/wp-json\/wp\/v2\/pages\/346\/revisions"}],"predecessor-version":[{"id":1136,"href":"https:\/\/mayerczyk.fr\/index.php\/wp-json\/wp\/v2\/pages\/346\/revisions\/1136"}],"wp:attachment":[{"href":"https:\/\/mayerczyk.fr\/index.php\/wp-json\/wp\/v2\/media?parent=346"}],"curies":[{"name":"wp","href":"https:\/\/api.w.org\/{rel}","templated":true}]}}