{"id":58,"date":"2019-08-22T16:16:58","date_gmt":"2019-08-22T14:16:58","guid":{"rendered":"https:\/\/mayerczyk.fr\/?page_id=58"},"modified":"2020-03-02T12:55:49","modified_gmt":"2020-03-02T11:55:49","slug":"temoignages","status":"publish","type":"page","link":"https:\/\/mayerczyk.fr\/index.php\/temoignages\/","title":{"rendered":"T\u00e9moignages clients"},"content":{"rendered":"\n<h3 class=\"has-vivid-red-color has-text-color\">Etude Segard et Albot- Huissiers<br>Document unique des risques psychosociaux<\/h3>\n\n\n\n<div class=\"wp-block-image\"><figure class=\"alignright size-large\"><a href=\"https:\/\/www.segardalbot-huissier59-62.com\/\" target=\"_blank\" rel=\"noreferrer noopener\"><img loading=\"lazy\" width=\"300\" height=\"189\" src=\"https:\/\/mayerczyk.fr\/wp-content\/uploads\/2019\/12\/logo-segard-albot.png\" alt=\"\" class=\"wp-image-1340\"\/><\/a><\/figure><\/div>\n\n\n\n<p>Madame Mayerczyk est intervenue dans notre cabinet pour r\u00e9aliser le document unique de gestion des risques psychosociaux. Elle a proc\u00e9d\u00e9 par entretiens individuels sur la population des huissiers et des charg\u00e9s de recouvrement en toute autonomie.  <\/p>\n\n\n\n<p>Elle a \u00e9galement observ\u00e9 le travail des collaborateurs au quotidien et analys\u00e9 les suivis de performance individuels et de groupe. Nous avons eu un \u00e9change tr\u00e8s riche qui a dur\u00e9 plus de trois heures sur les r\u00e9sultats et les pr\u00e9conisations. <\/p>\n\n\n\n<p>En final, nous avons valid\u00e9 un plan d&#8217;action que nous avons pr\u00e9sent\u00e9 \u00e0 l&#8217;ensemble du personnel. Cette d\u00e9marche a permis de clarifier certaines de nos d\u00e9cisions pr\u00e9c\u00e9dentes, d&#8217;\u00e9tablir un moment d&#8217;\u00e9change avec nos \u00e9quipes et entre nos \u00e9quipes. Le climat de travail s&#8217;en est trouv\u00e9 positiv\u00e9. <\/p>\n\n\n\n<p>Un changement d&#8217;organisation interne a \u00e9t\u00e9 effectu\u00e9. Un nouveau serveur vocal fonctionne. Il facilite le contact entre les salari\u00e9s et leurs interlocuteurs. Il donne une image tr\u00e8s professionnelle du cabinet. <\/p>\n\n\n\n<p><\/p>\n\n\n\n<h3 class=\"has-text-color\" style=\"color:#ce1b28\">Laurence Zeeraerd &#8211; Attach\u00e9e de presse<\/h3>\n\n\n\n<h3 class=\"has-vivid-red-color has-text-color\">D\u00e9finition de potentiel<\/h3>\n\n\n\n<figure class=\"wp-block-image\"><a href=\"https:\/\/www.lzconseil.com\" target=\"_blank\" rel=\"noreferrer noopener\"><img loading=\"lazy\" width=\"300\" height=\"65\" src=\"https:\/\/mayerczyk.fr\/wp-content\/uploads\/2019\/10\/logo-site-laurence-3-1-02-300x65.png\" alt=\"\" class=\"wp-image-467\" srcset=\"https:\/\/mayerczyk.fr\/wp-content\/uploads\/2019\/10\/logo-site-laurence-3-1-02-300x65.png 300w, https:\/\/mayerczyk.fr\/wp-content\/uploads\/2019\/10\/logo-site-laurence-3-1-02.png 625w\" sizes=\"(max-width: 300px) 100vw, 300px\" \/><\/a><\/figure>\n\n\n\n<div class=\"wp-block-image\"><figure class=\"alignleft\"><a href=\"https:\/\/www.lzconseil.com\" target=\"_blank\" rel=\"noreferrer noopener\"><img loading=\"lazy\" width=\"200\" height=\"300\" src=\"https:\/\/mayerczyk.fr\/wp-content\/uploads\/2019\/08\/photolaurencezeeraed-200x300.jpg\" alt=\"\" class=\"wp-image-55\" srcset=\"https:\/\/mayerczyk.fr\/wp-content\/uploads\/2019\/08\/photolaurencezeeraed-200x300.jpg 200w, https:\/\/mayerczyk.fr\/wp-content\/uploads\/2019\/08\/photolaurencezeeraed-768x1152.jpg 768w, https:\/\/mayerczyk.fr\/wp-content\/uploads\/2019\/08\/photolaurencezeeraed-682x1024.jpg 682w, https:\/\/mayerczyk.fr\/wp-content\/uploads\/2019\/08\/photolaurencezeeraed.jpg 1181w\" sizes=\"(max-width: 200px) 100vw, 200px\" \/><\/a><figcaption> Laurence Zeeraerd <\/figcaption><\/figure><\/div>\n\n\n\n<p class=\"has-text-align-left\">J\u2019ai connu Odile quand nous travaillions dans la m\u00eame entreprise. Je manquais de confiance en moi, ce qui m\u2019emp\u00eachait d&#8217;\u00e9voluer professionnellement. Nous avons fait un point sur mon exp\u00e9rience et mes comp\u00e9tences. Elle m\u2019a fait un retour sur sa perception de ma personnalit\u00e9 et de mes atouts. Suite \u00e0 nos entretiens, j\u2019ai postul\u00e9 \u00e0 des mobilit\u00e9s internes et j\u2019ai \u00e9t\u00e9 retenue. J\u2019ai poursuivi ma carri\u00e8re pendant 11 ans dans cette entreprise \u00e0 des postes aux responsabilit\u00e9s croissantes. Chacune de ces missions m&#8217;a permis de me r\u00e9v\u00e9ler et de d\u00e9velopper de nouvelles comp\u00e9tences. L&#8217;aide d&#8217;Odile a \u00e9t\u00e9 un r\u00e9el d\u00e9clencheur dans ma vie professionnelle. Aujourd&#8217;hui pr\u00e9sidente de ma soci\u00e9t\u00e9 de conseil, je n&#8217;h\u00e9site pas \u00e0 la contacter pour avoir son \u00e9clairage sur des questions d&#8217;ordre psychologique ou manag\u00e9rial. J\u2019appr\u00e9cie particuli\u00e8rement son \u00e9coute, sa clairvoyance et sa connaissance des types de personnalit\u00e9 et de leurs besoins psychologiques. Elle sait parfaitement identifier les personnes qui r\u00e9ussiront le mieux dans une mission et elle poss\u00e8de un vrai talent pour d\u00e9couvrir les potentiels.&nbsp;<\/p>\n\n\n\n<p><\/p>\n\n\n\n<h3 class=\"has-text-color\" style=\"color:#ce1b28\">Henri Molenda &#8211; DSI.FR<\/h3>\n\n\n\n<h3 class=\"has-vivid-red-color has-text-color\">Description de profils psychologiques<\/h3>\n\n\n\n<div class=\"wp-block-image\"><figure class=\"alignright\"><a href=\"https:\/\/www.dsi.jobs\" target=\"_blank\" rel=\"noreferrer noopener\"><img loading=\"lazy\" width=\"217\" height=\"166\" src=\"https:\/\/mayerczyk.fr\/wp-content\/uploads\/2019\/10\/logo-DSI-recrutement.png\" alt=\"\" class=\"wp-image-737\"\/><\/a><figcaption>DSI.jobs recrutement<\/figcaption><\/figure><\/div>\n\n\n\n<p class=\"has-text-align-left\">Odile, c&#8217;est Odile&nbsp;!<br>C&#8217;est parlant pour ceux qui la connaissent.<\/p>\n\n\n\n<p>Enjou\u00e9e, \u00e9nergique et s\u00e9rieuse \u00e0 la fois, Odile dispose d&#8217;une facult\u00e9 \u00e0 comprendre et \u00ab&nbsp;cerner&nbsp;\u00bb les personnes.<\/p>\n\n\n\n<p>En tant que recruteur, j&#8217;ai recours \u00e0 son expertise afin d&#8217;\u00e9valuer l&#8217;ad\u00e9quation de la personnalit\u00e9 des candidats au poste \u00e0 pourvoir ainsi qu&#8217;\u00e0 l&#8217;environnement dans lequel il aura \u00e0 exercer. Les candidats et les clients louent la justesse de son analyse de la personnalit\u00e9 des candidats propos\u00e9s.<\/p>\n\n\n\n<p>Odile est l&#8217;un(e) des rares psychologues qui a exerc\u00e9 en entreprise dans des fonctions op\u00e9rationnelles (m\u00e9tier), de RH et de management.<br>Cela lui permet de comprendre, pour les avoir v\u00e9cues, les probl\u00e9matiques de l&#8217;entreprise et de ses managers.<\/p>\n\n\n\n<p><\/p>\n\n\n\n<h3 class=\"has-text-color\" style=\"color:#ce1b28\">Sandrine Desramault Journel &#8211; Cabinet RH+22 <\/h3>\n\n\n\n<h3 class=\"has-vivid-red-color has-text-color\">Rationalit\u00e9 et cr\u00e9ativit\u00e9 dans la gestion de projet<\/h3>\n\n\n\n<figure class=\"wp-block-gallery alignleft columns-1 is-cropped\"><ul class=\"blocks-gallery-grid\"><li class=\"blocks-gallery-item\"><figure><img loading=\"lazy\" width=\"474\" height=\"640\" src=\"https:\/\/mayerczyk.fr\/wp-content\/uploads\/2020\/02\/IMG_6826.jpg\" alt=\"\" data-id=\"1935\" data-full-url=\"https:\/\/mayerczyk.fr\/wp-content\/uploads\/2020\/02\/IMG_6826.jpg\" data-link=\"https:\/\/mayerczyk.fr\/img_6826\/\" class=\"wp-image-1935\" srcset=\"https:\/\/mayerczyk.fr\/wp-content\/uploads\/2020\/02\/IMG_6826.jpg 474w, https:\/\/mayerczyk.fr\/wp-content\/uploads\/2020\/02\/IMG_6826-222x300.jpg 222w\" sizes=\"(max-width: 474px) 100vw, 474px\" \/><\/figure><\/li><\/ul><\/figure>\n\n\n\n<p class=\"has-text-align-left\">Odile Mayerczyk est une psychologue du travail tr\u00e8s perspicace et intuitive.<br>Elle utilise autant son c\u00f4t\u00e9 rationnel, pragmatique et logique que son c\u00f4t\u00e9 cr\u00e9atif, spontan\u00e9 et inspir\u00e9.<\/p>\n\n\n\n<p>Elle agit donc avec une grande pertinence et fluidit\u00e9, dans ses \u00e9valuations, ses interventions et ses projets.  Odile est aussi une femme qui ose, qui s&#8217;exprime et qui bouscule les conventions.<\/p>\n\n\n\n<p>Son esprit critique invite \u00e0 l&#8217;excellence. En \u00e9tant elle-m\u00eame, en s&#8217;exprimant, en explorant, elle d\u00e9couvre, fait avancer et \u00e9voluer les autres. C&#8217;est une personne sur qui l&#8217;on peut compter, avec de belles valeurs humaines.  <\/p>\n","protected":false},"excerpt":{"rendered":"<p>Etude Segard et Albot- HuissiersDocument unique des risques psychosociaux Madame Mayerczyk est intervenue dans notre cabinet pour r\u00e9aliser le document unique de gestion des risques psychosociaux. Elle a proc\u00e9d\u00e9 par entretiens individuels sur la population des huissiers et des charg\u00e9s de recouvrement en toute autonomie. Elle a \u00e9galement observ\u00e9 le travail des collaborateurs au quotidien<\/p><\/div>\n<div class=\"blog-btn\"><a href=\"https:\/\/mayerczyk.fr\/index.php\/temoignages\/\" class=\"home-blog-btn\">Lire la suite<\/a><\/p>\n","protected":false},"author":3,"featured_media":0,"parent":0,"menu_order":0,"comment_status":"closed","ping_status":"closed","template":"","meta":[],"_links":{"self":[{"href":"https:\/\/mayerczyk.fr\/index.php\/wp-json\/wp\/v2\/pages\/58"}],"collection":[{"href":"https:\/\/mayerczyk.fr\/index.php\/wp-json\/wp\/v2\/pages"}],"about":[{"href":"https:\/\/mayerczyk.fr\/index.php\/wp-json\/wp\/v2\/types\/page"}],"author":[{"embeddable":true,"href":"https:\/\/mayerczyk.fr\/index.php\/wp-json\/wp\/v2\/users\/3"}],"replies":[{"embeddable":true,"href":"https:\/\/mayerczyk.fr\/index.php\/wp-json\/wp\/v2\/comments?post=58"}],"version-history":[{"count":52,"href":"https:\/\/mayerczyk.fr\/index.php\/wp-json\/wp\/v2\/pages\/58\/revisions"}],"predecessor-version":[{"id":2241,"href":"https:\/\/mayerczyk.fr\/index.php\/wp-json\/wp\/v2\/pages\/58\/revisions\/2241"}],"wp:attachment":[{"href":"https:\/\/mayerczyk.fr\/index.php\/wp-json\/wp\/v2\/media?parent=58"}],"curies":[{"name":"wp","href":"https:\/\/api.w.org\/{rel}","templated":true}]}}