{"id":635,"date":"2019-10-21T11:51:57","date_gmt":"2019-10-21T09:51:57","guid":{"rendered":"https:\/\/mayerczyk.fr\/?page_id=635"},"modified":"2019-11-19T14:45:19","modified_gmt":"2019-11-19T13:45:19","slug":"prestations","status":"publish","type":"page","link":"https:\/\/mayerczyk.fr\/index.php\/prestations\/","title":{"rendered":"Prestations"},"content":{"rendered":"\n<div class=\"wp-block-columns\">\n<div class=\"wp-block-column\">\n<figure class=\"wp-block-image size-large is-resized\"><a href=\"https:\/\/mayerczyk.fr\/index.php\/recruter-et-evaluer\/\"><img loading=\"lazy\" src=\"https:\/\/mayerczyk.fr\/wp-content\/uploads\/2019\/10\/pexels-photo-1181715-1024x683.jpeg\" alt=\"\" class=\"wp-image-537\" width=\"393\" height=\"261\" srcset=\"https:\/\/mayerczyk.fr\/wp-content\/uploads\/2019\/10\/pexels-photo-1181715-1024x683.jpeg 1024w, https:\/\/mayerczyk.fr\/wp-content\/uploads\/2019\/10\/pexels-photo-1181715-300x200.jpeg 300w, https:\/\/mayerczyk.fr\/wp-content\/uploads\/2019\/10\/pexels-photo-1181715-768x512.jpeg 768w\" sizes=\"(max-width: 393px) 100vw, 393px\" \/><\/a><figcaption> <a href=\"https:\/\/mayerczyk.fr\/index.php\/recruter-et-evaluer\/\"><strong>Recrutement et \u00e9valuation de potentiels<\/strong><\/a><\/figcaption><\/figure>\n<\/div>\n\n\n\n<div class=\"wp-block-column\"><\/div>\n<\/div>\n\n\n\n<div class=\"wp-block-columns\">\n<div class=\"wp-block-column\"><\/div>\n\n\n\n<div class=\"wp-block-column\">\n<figure class=\"wp-block-image size-large is-resized\"><a href=\"https:\/\/mayerczyk.fr\/index.php\/prestations-integrer-et-mobiliser\/\"><img loading=\"lazy\" src=\"https:\/\/mayerczyk.fr\/wp-content\/uploads\/2019\/10\/pexels-photo-1116302-1024x683.jpeg\" alt=\"\" class=\"wp-image-160\" width=\"375\" height=\"249\" srcset=\"https:\/\/mayerczyk.fr\/wp-content\/uploads\/2019\/10\/pexels-photo-1116302-1024x683.jpeg 1024w, https:\/\/mayerczyk.fr\/wp-content\/uploads\/2019\/10\/pexels-photo-1116302-300x200.jpeg 300w, https:\/\/mayerczyk.fr\/wp-content\/uploads\/2019\/10\/pexels-photo-1116302-768x512.jpeg 768w\" sizes=\"(max-width: 375px) 100vw, 375px\" \/><\/a><figcaption><strong> <a href=\"https:\/\/mayerczyk.fr\/index.php\/prestations-integrer-et-mobiliser\/\">S\u00e9minaire d&#8217;int\u00e9gration et de mobilisation de vos \u00e9quipes<\/a><\/strong><\/figcaption><\/figure>\n<\/div>\n<\/div>\n\n\n\n<div class=\"wp-block-columns\">\n<div class=\"wp-block-column\">\n<figure class=\"wp-block-image size-large is-resized\"><a href=\"https:\/\/mayerczyk.fr\/index.php\/la-qualite-de-vie-de-votre-structure\/\"><img loading=\"lazy\" src=\"https:\/\/mayerczyk.fr\/wp-content\/uploads\/2019\/10\/pexels-photo-927022-1024x683.jpeg\" alt=\"\" class=\"wp-image-156\" width=\"373\" height=\"248\" srcset=\"https:\/\/mayerczyk.fr\/wp-content\/uploads\/2019\/10\/pexels-photo-927022-1024x683.jpeg 1024w, https:\/\/mayerczyk.fr\/wp-content\/uploads\/2019\/10\/pexels-photo-927022-300x200.jpeg 300w, https:\/\/mayerczyk.fr\/wp-content\/uploads\/2019\/10\/pexels-photo-927022-768x512.jpeg 768w\" sizes=\"(max-width: 373px) 100vw, 373px\" \/><\/a><figcaption><a href=\"https:\/\/mayerczyk.fr\/index.php\/la-qualite-de-vie-de-votre-structure\/\"> <strong>Diagnostic sur la qualit\u00e9 de vie de vos structures<\/strong><\/a><\/figcaption><\/figure>\n<\/div>\n\n\n\n<div class=\"wp-block-column\"><\/div>\n<\/div>\n\n\n\n<p style=\"background-color:#ffffff;color:#ffffff\" class=\"has-text-color has-background\"> recrutement recrutements processcom qualit\u00e9 de vie au travail risques  psychosociaux rps formation communication evaluation s\u00e9minaire dynamisation d&#8217;\u00e9quipe fid\u00e9lisation poitiers lille paris hauts-de-france charente aquitaine <\/p>\n","protected":false},"excerpt":{"rendered":"<p>recrutement recrutements processcom qualit\u00e9 de vie au travail risques psychosociaux rps formation communication evaluation s\u00e9minaire dynamisation d&#8217;\u00e9quipe fid\u00e9lisation poitiers lille paris hauts-de-france charente aquitaine<\/p>\n","protected":false},"author":3,"featured_media":0,"parent":0,"menu_order":0,"comment_status":"closed","ping_status":"closed","template":"","meta":[],"_links":{"self":[{"href":"https:\/\/mayerczyk.fr\/index.php\/wp-json\/wp\/v2\/pages\/635"}],"collection":[{"href":"https:\/\/mayerczyk.fr\/index.php\/wp-json\/wp\/v2\/pages"}],"about":[{"href":"https:\/\/mayerczyk.fr\/index.php\/wp-json\/wp\/v2\/types\/page"}],"author":[{"embeddable":true,"href":"https:\/\/mayerczyk.fr\/index.php\/wp-json\/wp\/v2\/users\/3"}],"replies":[{"embeddable":true,"href":"https:\/\/mayerczyk.fr\/index.php\/wp-json\/wp\/v2\/comments?post=635"}],"version-history":[{"count":27,"href":"https:\/\/mayerczyk.fr\/index.php\/wp-json\/wp\/v2\/pages\/635\/revisions"}],"predecessor-version":[{"id":1208,"href":"https:\/\/mayerczyk.fr\/index.php\/wp-json\/wp\/v2\/pages\/635\/revisions\/1208"}],"wp:attachment":[{"href":"https:\/\/mayerczyk.fr\/index.php\/wp-json\/wp\/v2\/media?parent=635"}],"curies":[{"name":"wp","href":"https:\/\/api.w.org\/{rel}","templated":true}]}}