{"id":79,"date":"2019-08-22T17:02:27","date_gmt":"2019-08-22T15:02:27","guid":{"rendered":"https:\/\/mayerczyk.fr\/?page_id=79"},"modified":"2021-08-04T15:20:15","modified_gmt":"2021-08-04T13:20:15","slug":"mes-competences","status":"publish","type":"page","link":"https:\/\/mayerczyk.fr\/index.php\/mes-competences\/","title":{"rendered":"Qui suis-je?"},"content":{"rendered":"\n<h4 class=\"has-text-align-center has-vivid-red-color has-text-color\"> Je m\u2019appuie sur une formation de haut niveau et une exp\u00e9rience op\u00e9rationnelle, riche de challenges relev\u00e9s et de terrains d\u2019action diversifi\u00e9s.  <\/h4>\n\n\n\n<p class=\"has-very-light-gray-color has-text-color has-background has-medium-font-size\" style=\"background-color:#ce1b28\"> Mon parcours professionnel<\/p>\n\n\n\n<p> \u2022    Formatrice en management 3 Suisses France<br> \u2022    Cr\u00e9ation du service recrutement formation de Cofidis France<br> \u2022    Responsable ressources humaines de Cofidis Belgique<br> \u2022    G\u00e9rante d\u2019entreprise de vente aux particuliers<br> \u2022    Consultante en ressources humaines dans un cabinet conseil<br> \u2022    Psychologue du travail tout au long de ce parcours<\/p>\n\n\n\n<p class=\"has-very-light-gray-color has-text-color has-background has-medium-font-size\" style=\"background-color:#ce1b28\"><strong>Mes formations et certifications<\/strong><\/p>\n\n\n\n<div class=\"wp-block-media-text alignwide is-stacked-on-mobile\" style=\"grid-template-columns:40% auto\"><figure class=\"wp-block-media-text__media\"><img loading=\"lazy\" width=\"1024\" height=\"576\" src=\"https:\/\/mayerczyk.fr\/wp-content\/uploads\/2019\/11\/Logo-universit\u00e9-Lille-3-1024x576.jpg\" alt=\"\" class=\"wp-image-1030\" srcset=\"https:\/\/mayerczyk.fr\/wp-content\/uploads\/2019\/11\/Logo-universit\u00e9-Lille-3-1024x576.jpg 1024w, https:\/\/mayerczyk.fr\/wp-content\/uploads\/2019\/11\/Logo-universit\u00e9-Lille-3-300x169.jpg 300w, https:\/\/mayerczyk.fr\/wp-content\/uploads\/2019\/11\/Logo-universit\u00e9-Lille-3-768x432.jpg 768w, https:\/\/mayerczyk.fr\/wp-content\/uploads\/2019\/11\/Logo-universit\u00e9-Lille-3-1536x864.jpg 1536w, https:\/\/mayerczyk.fr\/wp-content\/uploads\/2019\/11\/Logo-universit\u00e9-Lille-3.jpg 1638w\" sizes=\"(max-width: 1024px) 100vw, 1024px\" \/><\/figure><div class=\"wp-block-media-text__content\">\n<p class=\"has-normal-font-size\"><a href=\"https:\/\/mayerczyk.fr\/wp-content\/uploads\/2019\/11\/Plaquette-DESS-psychologie-du-travail-Universit\u00e9-de-Lille3.pdf\" target=\"_blank\" rel=\"noreferrer noopener\" aria-label=\"DESS de psychologie du travail (s\u2019ouvre dans un nouvel onglet)\">DESS de psychologie du travail<\/a><\/p>\n<\/div><\/div>\n\n\n\n<div class=\"wp-block-media-text alignwide has-media-on-the-right is-stacked-on-mobile\" style=\"grid-template-columns:auto 40%\"><figure class=\"wp-block-media-text__media\"><img loading=\"lazy\" width=\"1024\" height=\"576\" src=\"https:\/\/mayerczyk.fr\/wp-content\/uploads\/2019\/11\/Logo-universit\u00e9-Lille-3-1024x576.jpg\" alt=\"\" class=\"wp-image-1030\" srcset=\"https:\/\/mayerczyk.fr\/wp-content\/uploads\/2019\/11\/Logo-universit\u00e9-Lille-3-1024x576.jpg 1024w, https:\/\/mayerczyk.fr\/wp-content\/uploads\/2019\/11\/Logo-universit\u00e9-Lille-3-300x169.jpg 300w, https:\/\/mayerczyk.fr\/wp-content\/uploads\/2019\/11\/Logo-universit\u00e9-Lille-3-768x432.jpg 768w, https:\/\/mayerczyk.fr\/wp-content\/uploads\/2019\/11\/Logo-universit\u00e9-Lille-3-1536x864.jpg 1536w, https:\/\/mayerczyk.fr\/wp-content\/uploads\/2019\/11\/Logo-universit\u00e9-Lille-3.jpg 1638w\" sizes=\"(max-width: 1024px) 100vw, 1024px\" \/><\/figure><div class=\"wp-block-media-text__content\">\n<p class=\"has-normal-font-size\"><a href=\"https:\/\/mayerczyk.fr\/wp-content\/uploads\/2019\/11\/Plaquette-DU-qualit\u00e9-de-vie-au-travail-Universit\u00e9-de-Lille3.pdf\" target=\"_blank\" rel=\"noreferrer noopener\" aria-label=\"Dipl\u00f4me universitaire sur la qualit\u00e9 de vie au travail et les risques psychosociaux (s\u2019ouvre dans un nouvel onglet)\">Dipl\u00f4me universitaire sur la qualit\u00e9 de vie au travail et les risques psychosociaux<\/a><\/p>\n<\/div><\/div>\n\n\n\n<div class=\"wp-block-media-text alignwide is-stacked-on-mobile\" style=\"grid-template-columns:40% auto\"><figure class=\"wp-block-media-text__media\"><img loading=\"lazy\" width=\"217\" height=\"153\" src=\"https:\/\/mayerczyk.fr\/wp-content\/uploads\/2019\/10\/sosie.png\" alt=\"\" class=\"wp-image-239\"\/><\/figure><div class=\"wp-block-media-text__content\">\n<p class=\"has-normal-font-size\"><a href=\"https:\/\/mayerczyk.fr\/index.php\/recruter-et-evaluer\/\">Certification SOSIE &#8211; Tests de personnalit\u00e9 \u00e9dit\u00e9s par la soci\u00e9t\u00e9 Pearson (valid\u00e9s par des psychologues du travail)<\/a><\/p>\n<\/div><\/div>\n\n\n\n<div class=\"wp-block-media-text alignwide has-media-on-the-right is-stacked-on-mobile\" style=\"grid-template-columns:auto 40%\"><figure class=\"wp-block-media-text__media\"><img loading=\"lazy\" width=\"500\" height=\"504\" src=\"https:\/\/mayerczyk.fr\/wp-content\/uploads\/2019\/11\/PCM-formateur-badge-FR-logo-HR.jpg\" alt=\"\" class=\"wp-image-1037\" srcset=\"https:\/\/mayerczyk.fr\/wp-content\/uploads\/2019\/11\/PCM-formateur-badge-FR-logo-HR.jpg 500w, https:\/\/mayerczyk.fr\/wp-content\/uploads\/2019\/11\/PCM-formateur-badge-FR-logo-HR-298x300.jpg 298w, https:\/\/mayerczyk.fr\/wp-content\/uploads\/2019\/11\/PCM-formateur-badge-FR-logo-HR-150x150.jpg 150w\" sizes=\"(max-width: 500px) 100vw, 500px\" \/><\/figure><div class=\"wp-block-media-text__content\">\n<p class=\"has-normal-font-size\"><a href=\"https:\/\/mayerczyk.fr\/index.php\/prestations-integrer-et-mobiliser\/\">Formatrice certifi\u00e9e au mod\u00e8le Process Communication<\/a><\/p>\n<\/div><\/div>\n\n\n\n<div class=\"wp-block-media-text alignwide is-stacked-on-mobile\" style=\"grid-template-columns:40% auto\"><figure class=\"wp-block-media-text__media\"><img src=\"https:\/\/mayerczyk.fr\/wp-content\/uploads\/2019\/11\/veolia.png\" alt=\"\" class=\"wp-image-1091\"\/><\/figure><div class=\"wp-block-media-text__content\">\n<p class=\"has-normal-font-size\"><a href=\"https:\/\/travail-emploi.gouv.fr\/droit-du-travail\/egalite-professionnelle-discrimination-et-harcelement\/article\/discriminations-a-l-embauche-de-quoi-parle-t-on\" target=\"_blank\" rel=\"noreferrer noopener\" aria-label=\"Formation au recrutement non discriminant (s\u2019ouvre dans un nouvel onglet)\">Formation au recrutement non discriminant<\/a><\/p>\n<\/div><\/div>\n\n\n\n<p class=\"has-very-light-gray-color has-text-color has-background has-medium-font-size\" style=\"background-color:#ce1b28\">Mes r\u00e9f\u00e9rences<\/p>\n\n\n\n<figure class=\"wp-block-gallery columns-3\"><ul class=\"blocks-gallery-grid\"><li class=\"blocks-gallery-item\"><figure><img loading=\"lazy\" width=\"220\" height=\"150\" src=\"https:\/\/mayerczyk.fr\/wp-content\/uploads\/2019\/11\/cofidis.png\" alt=\"\" data-id=\"1083\" data-full-url=\"https:\/\/mayerczyk.fr\/wp-content\/uploads\/2019\/11\/cofidis.png\" data-link=\"https:\/\/mayerczyk.fr\/cofidis\/\" class=\"wp-image-1083\"\/><\/figure><\/li><li class=\"blocks-gallery-item\"><figure><img loading=\"lazy\" width=\"150\" height=\"150\" src=\"https:\/\/mayerczyk.fr\/wp-content\/uploads\/2019\/11\/simone-perele.jpg\" alt=\"\" data-id=\"1089\" data-full-url=\"https:\/\/mayerczyk.fr\/wp-content\/uploads\/2019\/11\/simone-perele.jpg\" data-link=\"https:\/\/mayerczyk.fr\/simone-perele\/\" class=\"wp-image-1089\"\/><\/figure><\/li><li class=\"blocks-gallery-item\"><figure><img src=\"https:\/\/mayerczyk.fr\/wp-content\/uploads\/2019\/11\/veolia.png\" alt=\"\" data-id=\"1091\" data-full-url=\"https:\/\/mayerczyk.fr\/wp-content\/uploads\/2019\/11\/veolia.png\" data-link=\"https:\/\/mayerczyk.fr\/veolia\/\" class=\"wp-image-1091\"\/><\/figure><\/li><li class=\"blocks-gallery-item\"><figure><img loading=\"lazy\" width=\"200\" height=\"125\" src=\"https:\/\/mayerczyk.fr\/wp-content\/uploads\/2019\/11\/mcdonald.jpg\" alt=\"\" data-id=\"1088\" data-full-url=\"https:\/\/mayerczyk.fr\/wp-content\/uploads\/2019\/11\/mcdonald.jpg\" data-link=\"https:\/\/mayerczyk.fr\/mcdonald\/\" class=\"wp-image-1088\"\/><\/figure><\/li><li class=\"blocks-gallery-item\"><figure><img loading=\"lazy\" width=\"210\" height=\"150\" src=\"https:\/\/mayerczyk.fr\/wp-content\/uploads\/2019\/11\/auchan.jpg\" alt=\"\" data-id=\"1082\" data-full-url=\"https:\/\/mayerczyk.fr\/wp-content\/uploads\/2019\/11\/auchan.jpg\" data-link=\"https:\/\/mayerczyk.fr\/auchan\/\" class=\"wp-image-1082\"\/><\/figure><\/li><li class=\"blocks-gallery-item\"><figure><img loading=\"lazy\" width=\"225\" height=\"150\" src=\"https:\/\/mayerczyk.fr\/wp-content\/uploads\/2019\/11\/hpm.jpg\" alt=\"\" data-id=\"1086\" data-full-url=\"https:\/\/mayerczyk.fr\/wp-content\/uploads\/2019\/11\/hpm.jpg\" data-link=\"https:\/\/mayerczyk.fr\/hpm\/\" class=\"wp-image-1086\"\/><\/figure><\/li><li class=\"blocks-gallery-item\"><figure><img loading=\"lazy\" width=\"150\" height=\"150\" src=\"https:\/\/mayerczyk.fr\/wp-content\/uploads\/2019\/11\/3-suisses-international.gif\" alt=\"\" data-id=\"1081\" data-full-url=\"https:\/\/mayerczyk.fr\/wp-content\/uploads\/2019\/11\/3-suisses-international.gif\" data-link=\"https:\/\/mayerczyk.fr\/3-suisses-international\/\" class=\"wp-image-1081\"\/><\/figure><\/li><li class=\"blocks-gallery-item\"><figure><img loading=\"lazy\" width=\"280\" height=\"128\" src=\"https:\/\/mayerczyk.fr\/wp-content\/uploads\/2019\/11\/holcim.png\" alt=\"\" data-id=\"1085\" data-full-url=\"https:\/\/mayerczyk.fr\/wp-content\/uploads\/2019\/11\/holcim.png\" data-link=\"https:\/\/mayerczyk.fr\/holcim\/\" class=\"wp-image-1085\"\/><\/figure><\/li><li class=\"blocks-gallery-item\"><figure><img loading=\"lazy\" width=\"324\" height=\"150\" src=\"https:\/\/mayerczyk.fr\/wp-content\/uploads\/2019\/11\/th-kohl.jpg\" alt=\"\" data-id=\"1090\" data-full-url=\"https:\/\/mayerczyk.fr\/wp-content\/uploads\/2019\/11\/th-kohl.jpg\" data-link=\"https:\/\/mayerczyk.fr\/th-kohl\/\" class=\"wp-image-1090\" srcset=\"https:\/\/mayerczyk.fr\/wp-content\/uploads\/2019\/11\/th-kohl.jpg 324w, https:\/\/mayerczyk.fr\/wp-content\/uploads\/2019\/11\/th-kohl-300x139.jpg 300w\" sizes=\"(max-width: 324px) 100vw, 324px\" \/><\/figure><\/li><li class=\"blocks-gallery-item\"><figure><img loading=\"lazy\" width=\"195\" height=\"150\" src=\"https:\/\/mayerczyk.fr\/wp-content\/uploads\/2019\/11\/csfrance.jpg\" alt=\"\" data-id=\"1084\" data-full-url=\"https:\/\/mayerczyk.fr\/wp-content\/uploads\/2019\/11\/csfrance.jpg\" data-link=\"https:\/\/mayerczyk.fr\/csfrance\/\" class=\"wp-image-1084\"\/><\/figure><\/li><li class=\"blocks-gallery-item\"><figure><img loading=\"lazy\" width=\"150\" height=\"200\" src=\"https:\/\/mayerczyk.fr\/wp-content\/uploads\/2019\/11\/informa.jpg\" alt=\"\" data-id=\"1087\" data-full-url=\"https:\/\/mayerczyk.fr\/wp-content\/uploads\/2019\/11\/informa.jpg\" data-link=\"https:\/\/mayerczyk.fr\/informa\/\" class=\"wp-image-1087\"\/><\/figure><\/li><\/ul><\/figure>\n","protected":false},"excerpt":{"rendered":"<p>Je m\u2019appuie sur une formation de haut niveau et une exp\u00e9rience op\u00e9rationnelle, riche de challenges relev\u00e9s et de terrains d\u2019action diversifi\u00e9s. Mon parcours professionnel \u2022 Formatrice en management 3 Suisses France \u2022 Cr\u00e9ation du service recrutement formation de Cofidis France \u2022 Responsable ressources humaines de Cofidis Belgique \u2022 G\u00e9rante d\u2019entreprise de vente aux particuliers \u2022<\/p><\/div>\n<div class=\"blog-btn\"><a href=\"https:\/\/mayerczyk.fr\/index.php\/mes-competences\/\" class=\"home-blog-btn\">Lire la suite<\/a><\/p>\n","protected":false},"author":3,"featured_media":0,"parent":0,"menu_order":0,"comment_status":"closed","ping_status":"closed","template":"","meta":[],"_links":{"self":[{"href":"https:\/\/mayerczyk.fr\/index.php\/wp-json\/wp\/v2\/pages\/79"}],"collection":[{"href":"https:\/\/mayerczyk.fr\/index.php\/wp-json\/wp\/v2\/pages"}],"about":[{"href":"https:\/\/mayerczyk.fr\/index.php\/wp-json\/wp\/v2\/types\/page"}],"author":[{"embeddable":true,"href":"https:\/\/mayerczyk.fr\/index.php\/wp-json\/wp\/v2\/users\/3"}],"replies":[{"embeddable":true,"href":"https:\/\/mayerczyk.fr\/index.php\/wp-json\/wp\/v2\/comments?post=79"}],"version-history":[{"count":66,"href":"https:\/\/mayerczyk.fr\/index.php\/wp-json\/wp\/v2\/pages\/79\/revisions"}],"predecessor-version":[{"id":5672,"href":"https:\/\/mayerczyk.fr\/index.php\/wp-json\/wp\/v2\/pages\/79\/revisions\/5672"}],"wp:attachment":[{"href":"https:\/\/mayerczyk.fr\/index.php\/wp-json\/wp\/v2\/media?parent=79"}],"curies":[{"name":"wp","href":"https:\/\/api.w.org\/{rel}","templated":true}]}}